{"id":9,"date":"2025-10-07T16:59:07","date_gmt":"2025-10-07T16:59:07","guid":{"rendered":"https:\/\/cuatropatitasec.pernosautomotrices.com\/?page_id=9"},"modified":"2025-10-16T03:37:38","modified_gmt":"2025-10-16T03:37:38","slug":"quienes-somos","status":"publish","type":"page","link":"https:\/\/cuatropatitasec.pernosautomotrices.com\/?page_id=9","title":{"rendered":"Qui\u00e9nes Somos"},"content":{"rendered":"\n<figure class=\"wp-block-image size-large is-resized\"><img fetchpriority=\"high\" decoding=\"async\" width=\"1024\" height=\"1024\" src=\"https:\/\/cuatropatitasec.pernosautomotrices.com\/wp-content\/uploads\/2025\/10\/lindo-mascota-collage-aislado-1-1024x1024.jpg\" alt=\"\" class=\"wp-image-10\" style=\"width:421px;height:auto\" srcset=\"https:\/\/cuatropatitasec.pernosautomotrices.com\/wp-content\/uploads\/2025\/10\/lindo-mascota-collage-aislado-1-1024x1024.jpg 1024w, https:\/\/cuatropatitasec.pernosautomotrices.com\/wp-content\/uploads\/2025\/10\/lindo-mascota-collage-aislado-1-300x300.jpg 300w, https:\/\/cuatropatitasec.pernosautomotrices.com\/wp-content\/uploads\/2025\/10\/lindo-mascota-collage-aislado-1-scaled-100x100.jpg 100w, https:\/\/cuatropatitasec.pernosautomotrices.com\/wp-content\/uploads\/2025\/10\/lindo-mascota-collage-aislado-1-scaled-600x600.jpg 600w, https:\/\/cuatropatitasec.pernosautomotrices.com\/wp-content\/uploads\/2025\/10\/lindo-mascota-collage-aislado-1-150x150.jpg 150w, https:\/\/cuatropatitasec.pernosautomotrices.com\/wp-content\/uploads\/2025\/10\/lindo-mascota-collage-aislado-1-768x768.jpg 768w, https:\/\/cuatropatitasec.pernosautomotrices.com\/wp-content\/uploads\/2025\/10\/lindo-mascota-collage-aislado-1-1536x1536.jpg 1536w, https:\/\/cuatropatitasec.pernosautomotrices.com\/wp-content\/uploads\/2025\/10\/lindo-mascota-collage-aislado-1-2048x2048.jpg 2048w\" sizes=\"(max-width: 1024px) 100vw, 1024px\" \/><\/figure>\n\n\n\n<p>En&nbsp;<strong><em>Cuatropatitas<\/em><\/strong>&nbsp;somos una tienda online creada para consentir a tus perros y gatos con alimento, juguetes, accesorios y todo lo que necesitan para estar felices, saludables y c\u00f3modos. Nacimos del amor por nuestras propias mascotas y de la idea de que cada patita merece cuidado, atenci\u00f3n y mucho cari\u00f1o todos los d\u00edas. Elegimos este nombre porque refleja ternura, cercan\u00eda y alegr\u00eda, al igual que la relaci\u00f3n especial que compartimos con nuestros peluditos. Nuestro objetivo es hacer que cuidar, consentir y mimar a tu compa\u00f1ero fiel sea m\u00e1s f\u00e1cil, divertido y lleno de amor constante.<\/p>\n\n\n\n<hr class=\"wp-block-separator has-alpha-channel-opacity\"\/>\n\n\n\n<p>Testimonios de nuestros clientes<\/p>\n\n\n\n<ul class=\"wp-block-social-links has-normal-icon-size is-nowrap is-layout-flex wp-container-core-social-links-is-layout-53bee8aa wp-block-social-links-is-layout-flex\"><\/ul>\n\n\n<p>\u201cMi gato es muy exigente con la comida, pero en CuatroPatitas encontr\u00e9 justo lo que le gusta. Adem\u00e1s, el servicio al cliente es s\u00faper amable y resolvieron mis dudas enseguida. \u00a1100% recomendado!\u201d<br \/>\n\t\t\t\t\t\t\t\t\t\t\t\t\t\tAna H<br \/>\n\t\t\t\t\t\t\t\t\t\t\t\t\t\t\t\t\t\t\t\t\t\tAma los animales<br \/>\n\t\t\t\t\t\t\t\u201cPed\u00ed unos juguetes y una camita para mi perro y qued\u00e9 encantada. Todo lleg\u00f3 en perfectas condiciones y a mi peludo le fascin\u00f3. Se nota que CuatroPatitas realmente se preocupa por nuestras mascotas.\u201d<br \/>\n\t\t\t\t\t\t\t\t\t\t\t\t\t\tValeria N<br \/>\n\t\t\t\t\t\t\t\t\t\t\t\t\t\t\t\t\t\t\t\t\t\tCliente recurrente<\/p>","protected":false},"excerpt":{"rendered":"<p>En&nbsp;Cuatropatitas&nbsp;somos una tienda online creada para consentir a tus perros y gatos con alimento, juguetes, accesorios y todo lo que necesitan para estar felices, saludables y c\u00f3modos. Nacimos del amor por nuestras propias mascotas y de la idea de que cada patita merece cuidado, atenci\u00f3n y mucho cari\u00f1o todos los d\u00edas. Elegimos este nombre porque [&hellip;]<\/p>\n","protected":false},"author":1,"featured_media":0,"parent":0,"menu_order":0,"comment_status":"closed","ping_status":"closed","template":"","meta":{"footnotes":""},"class_list":["post-9","page","type-page","status-publish","hentry"],"jetpack_sharing_enabled":true,"_links":{"self":[{"href":"https:\/\/cuatropatitasec.pernosautomotrices.com\/index.php?rest_route=\/wp\/v2\/pages\/9","targetHints":{"allow":["GET"]}}],"collection":[{"href":"https:\/\/cuatropatitasec.pernosautomotrices.com\/index.php?rest_route=\/wp\/v2\/pages"}],"about":[{"href":"https:\/\/cuatropatitasec.pernosautomotrices.com\/index.php?rest_route=\/wp\/v2\/types\/page"}],"author":[{"embeddable":true,"href":"https:\/\/cuatropatitasec.pernosautomotrices.com\/index.php?rest_route=\/wp\/v2\/users\/1"}],"replies":[{"embeddable":true,"href":"https:\/\/cuatropatitasec.pernosautomotrices.com\/index.php?rest_route=%2Fwp%2Fv2%2Fcomments&post=9"}],"version-history":[{"count":22,"href":"https:\/\/cuatropatitasec.pernosautomotrices.com\/index.php?rest_route=\/wp\/v2\/pages\/9\/revisions"}],"predecessor-version":[{"id":325,"href":"https:\/\/cuatropatitasec.pernosautomotrices.com\/index.php?rest_route=\/wp\/v2\/pages\/9\/revisions\/325"}],"wp:attachment":[{"href":"https:\/\/cuatropatitasec.pernosautomotrices.com\/index.php?rest_route=%2Fwp%2Fv2%2Fmedia&parent=9"}],"curies":[{"name":"wp","href":"https:\/\/api.w.org\/{rel}","templated":true}]}}